{"id":1245,"date":"2024-07-15T16:40:15","date_gmt":"2024-07-15T14:40:15","guid":{"rendered":"https:\/\/pair-aidance-addictions-bretagne.bzh\/?page_id=1245"},"modified":"2025-05-27T15:19:13","modified_gmt":"2025-05-27T13:19:13","slug":"projet","status":"publish","type":"page","link":"https:\/\/pair-aidance-addictions-bretagne.bzh\/index.php\/projet\/","title":{"rendered":"Le projet"},"content":{"rendered":"\n<p>Cette action, port\u00e9e par l&rsquo;<a href=\"https:\/\/jenefumeplus.org\/jnfp\/\" data-type=\"link\" data-id=\"https:\/\/jenefumeplus.org\/jnfp\/\" target=\"_blank\" rel=\"noreferrer noopener\">Association Je ne fume plus !<\/a> et soutenue par <a href=\"https:\/\/www.bretagne.ars.sante.fr\/\" data-type=\"link\" data-id=\"https:\/\/www.bretagne.ars.sante.fr\/\" target=\"_blank\" rel=\"noreferrer noopener\">l&rsquo;Agence R\u00e9gionale de Sant\u00e9 (ARS) Bretagne<\/a>, se d\u00e9veloppe dans le cadre du Projet <strong><em>\u00abAsseoir la l\u00e9gitimit\u00e9 de la pair-aidance dans les parcours de soins addictologiques en Bretagne (2023-2025)\u00bb.<\/em><\/strong><\/p>\n\n\n\n<figure class=\"wp-block-table\"><table class=\"has-fixed-layout\"><tbody><tr><td>\u26a0\ufe0f\u00a0<strong>Fin du projet \u2013 Information importante<\/strong><br><br>Le projet\u00a0<em>\u00ab Asseoir la l\u00e9gitimit\u00e9 de la pair-aidance dans les parcours de soins addictologiques en Bretagne (2023-2025) \u00bb<\/em>\u00a0arrive \u00e0 son terme \u00e0 la fin du mois de mai 2025.<br>\u00c0 compter du 31 mai 2025, l\u2019\u00e9quipe de coordination actuelle n&rsquo;aura plus de temps d\u00e9di\u00e9 \u00e0 ce projet. L\u2019association reste disponible pour r\u00e9pondre \u00e0 vos questions g\u00e9n\u00e9rales via :\u00a0<a href=\"mailto:contact@jenefumeplus.org\" target=\"_blank\" rel=\"noreferrer noopener\">contact@jenefumeplus.org<\/a>.<br><br>Le portail web et ses ressources (guides, outils, annuaire, t\u00e9moignages, actualit\u00e9s) restent accessibles pour soutenir les acteurs et les personnes concern\u00e9es par la pair-aidance en addictologie en Bretagne :\u00a0<a href=\"https:\/\/pair-aidance-addictions-bretagne.bzh\/\" target=\"_blank\" rel=\"noreferrer noopener\">https:\/\/pair-aidance-addictions-bretagne.bzh\/<\/a><br><br><strong>Pour toute d\u00e9marche relative \u00e0 la formation ou au parcours pour devenir pair-aidant \/ patient-expert, ou pour \u00eatre accompagn\u00e9 dans la mise en place d\u2019un partenariat avec des pairs-aidants, nous vous invitons \u00e0 contacter l\u2019association <a href=\"https:\/\/fpea.fr\/fpea\/\" data-type=\"link\" data-id=\"https:\/\/fpea.fr\/fpea\/\">France Patient Expert Addictions<\/a> :<\/strong> <a href=\"mailto:cpea@fpea.fr\">cpea@fpea.fr<\/a>  <br><br>Nous remercions chaleureusement toutes les personnes, associations et professionnels qui ont contribu\u00e9 \u00e0 cette dynamique r\u00e9gionale. Votre engagement est essentiel pour continuer \u00e0 faire \u00e9voluer la place des pairs-aidants dans les parcours de soin en addictologie.<\/td><\/tr><\/tbody><\/table><\/figure>\n\n\n\n<p><\/p>\n\n\n\n<figure class=\"wp-block-image size-large\"><img loading=\"lazy\" decoding=\"async\" width=\"1024\" height=\"512\" src=\"https:\/\/pair-aidance-addictions-bretagne.bzh\/wp-content\/uploads\/2024\/10\/5-1024x512.jpg\" alt=\"\" class=\"wp-image-1701\" srcset=\"https:\/\/pair-aidance-addictions-bretagne.bzh\/wp-content\/uploads\/2024\/10\/5-1024x512.jpg 1024w, https:\/\/pair-aidance-addictions-bretagne.bzh\/wp-content\/uploads\/2024\/10\/5-300x150.jpg 300w, https:\/\/pair-aidance-addictions-bretagne.bzh\/wp-content\/uploads\/2024\/10\/5-768x384.jpg 768w, https:\/\/pair-aidance-addictions-bretagne.bzh\/wp-content\/uploads\/2024\/10\/5-1536x768.jpg 1536w, https:\/\/pair-aidance-addictions-bretagne.bzh\/wp-content\/uploads\/2024\/10\/5-2048x1024.jpg 2048w\" sizes=\"auto, (max-width: 1024px) 100vw, 1024px\" \/><\/figure>\n\n\n\n<p>La pair-aidance et les patients-experts en addictions sont le fruit d&rsquo;une longue collaboration entre les associations de patients et les \u00e9quipes de sant\u00e9 et du social. <\/p>\n\n\n\n<p>\u00c0 l&rsquo;aube de ce si\u00e8cle, nous avons assist\u00e9 \u00e0 une \u00e9volution significative : <\/p>\n\n\n\n<p class=\"has-text-align-center has-medium-font-size\"><em><strong>Nous sommes pass\u00e9s d&rsquo;un mod\u00e8le o\u00f9 professionnels et usagers \u201ctravaillaient c\u00f4te \u00e0 c\u00f4te\u201d, \u00e0 un mod\u00e8le o\u00f9 ils \u201ctravaillent ensemble\u201d.<\/strong><\/em><\/p>\n\n\n\n<p>Notre objectif principal est donc de promouvoir le partenariat entre professionnels du soin et de l\u2019accompagnement &amp; les pairs-aidants et patients-experts addictions sur l&rsquo;ensemble de la r\u00e9gion Bretagne.&nbsp;<\/p>\n\n\n\n<p><\/p>\n\n\n\n<figure class=\"wp-block-image size-large\"><img loading=\"lazy\" decoding=\"async\" width=\"1024\" height=\"512\" src=\"https:\/\/pair-aidance-addictions-bretagne.bzh\/wp-content\/uploads\/2024\/10\/4-1024x512.jpg\" alt=\"\" class=\"wp-image-1703\" srcset=\"https:\/\/pair-aidance-addictions-bretagne.bzh\/wp-content\/uploads\/2024\/10\/4-1024x512.jpg 1024w, https:\/\/pair-aidance-addictions-bretagne.bzh\/wp-content\/uploads\/2024\/10\/4-300x150.jpg 300w, https:\/\/pair-aidance-addictions-bretagne.bzh\/wp-content\/uploads\/2024\/10\/4-768x384.jpg 768w, https:\/\/pair-aidance-addictions-bretagne.bzh\/wp-content\/uploads\/2024\/10\/4-1536x768.jpg 1536w, https:\/\/pair-aidance-addictions-bretagne.bzh\/wp-content\/uploads\/2024\/10\/4-2048x1024.jpg 2048w\" sizes=\"auto, (max-width: 1024px) 100vw, 1024px\" \/><\/figure>\n\n\n\n<h3 class=\"wp-block-heading\">1. <strong>Documenter et partager les initiatives de pair-aidance en addictologie en Bretagne<\/strong><\/h3>\n\n\n\n<ul class=\"wp-block-list\">\n<li><a href=\"https:\/\/pair-aidance-addictions-bretagne.bzh\/index.php\/cartographie-associations-de-patients-addictions-bretagne\/\">Cartographie des associations de patients&nbsp;<\/a><\/li>\n<\/ul>\n\n\n\n<ul class=\"wp-block-list\">\n<li>Enqu\u00eate <em>\u00ab<\/em>pair-aidance<em>\u00bb<\/em> propos\u00e9es par les associations de patients dans le domaine des addictions en Bretagne (bient\u00f4t publi\u00e9e)<\/li>\n\n\n\n<li>Enqu\u00eate sur les activit\u00e9s des pair-aidants \/ patients-experts addictions en lien avec des structures de soins et d&rsquo;accompagnement (bient\u00f4t publi\u00e9e)<\/li>\n<\/ul>\n\n\n\n<h3 class=\"wp-block-heading\">2. <strong>Faciliter l\u2019Int\u00e9gration des pairs-aidants \/ patients-experts addictions dans les \u00e9quipes pluridisciplinaires&nbsp;<\/strong><\/h3>\n\n\n\n<ul class=\"wp-block-list\">\n<li><a href=\"https:\/\/pair-aidance-addictions-bretagne.bzh\/index.php\/annuaire\/\">Annuaire des personnes ressources en addictologie&nbsp;<\/a><\/li>\n\n\n\n<li><a href=\"https:\/\/framaforms.org\/formation-partenariat-patient-expert-addictions-professionnels-de-sante-1708442071\">Formation des \u00e9quipes de soin et d\u2019accompagnement au partenariat avec un patient-expert addictions<\/a><\/li>\n\n\n\n<li><a href=\"https:\/\/pair-aidance-addictions-bretagne.bzh\/index.php\/boite-a-outils\/\">Bo\u00eete \u00e0 outils<\/a><\/li>\n<\/ul>\n\n\n\n<h3 class=\"wp-block-heading\">3. <strong>Promouvoir la pair-aidance \/ le partenariat patient-expert addictions<\/strong><\/h3>\n\n\n\n<ul class=\"wp-block-list\">\n<li>D\u00e9veloppement du portail web <a href=\"https:\/\/pair-aidance-addictions-bretagne.bzh\/\">pair-aidance-addictions-bretagne.bzh\/<\/a><\/li>\n\n\n\n<li>Webinaires<\/li>\n\n\n\n<li>Informations collectives<\/li>\n<\/ul>\n\n\n\n<h3 class=\"wp-block-heading\">4. <strong>D\u00e9velopper une communaut\u00e9 de pratique r\u00e9gionale :&nbsp;<\/strong><\/h3>\n\n\n\n<ul class=\"wp-block-list\">\n<li><a href=\"https:\/\/framaforms.org\/rejoignez-la-communaute-de-la-pair-aidance-addictions-en-bretagne-1715758163\">Animation d\u2019une plateforme collaborative en ligne<\/a><\/li>\n<\/ul>\n\n\n\n<hr class=\"wp-block-separator has-alpha-channel-opacity\"\/>\n\n\n\n<h5 class=\"wp-block-heading has-text-align-center\">T\u00e9l\u00e9charger le flyer du projet : <\/h5>\n\n\n<div class=\"wp-block-image is-style-default center-perso\">\n<figure class=\"aligncenter size-full is-resized\"><a href=\"https:\/\/pair-aidance-addictions-bretagne.bzh\/wp-content\/uploads\/2024\/07\/Flyer-Projet-pair-aidance-addictions.pdf\"><img loading=\"lazy\" decoding=\"async\" width=\"1164\" height=\"1654\" src=\"https:\/\/pair-aidance-addictions-bretagne.bzh\/wp-content\/uploads\/2024\/07\/Flyer-Projet-pair-aidance-addictions.jpeg\" alt=\"\" class=\"wp-image-1323\" style=\"aspect-ratio:0.704225352112676;object-fit:cover;width:199px;height:auto\" srcset=\"https:\/\/pair-aidance-addictions-bretagne.bzh\/wp-content\/uploads\/2024\/07\/Flyer-Projet-pair-aidance-addictions.jpeg 1164w, https:\/\/pair-aidance-addictions-bretagne.bzh\/wp-content\/uploads\/2024\/07\/Flyer-Projet-pair-aidance-addictions-211x300.jpeg 211w, https:\/\/pair-aidance-addictions-bretagne.bzh\/wp-content\/uploads\/2024\/07\/Flyer-Projet-pair-aidance-addictions-721x1024.jpeg 721w, https:\/\/pair-aidance-addictions-bretagne.bzh\/wp-content\/uploads\/2024\/07\/Flyer-Projet-pair-aidance-addictions-768x1091.jpeg 768w, https:\/\/pair-aidance-addictions-bretagne.bzh\/wp-content\/uploads\/2024\/07\/Flyer-Projet-pair-aidance-addictions-1081x1536.jpeg 1081w\" sizes=\"auto, (max-width: 1164px) 100vw, 1164px\" \/><\/a><\/figure>\n<\/div>\n\n\n<p class=\"has-text-align-center center-perso\"><a href=\"https:\/\/pair-aidance-addictions-bretagne.bzh\/wp-content\/uploads\/2024\/07\/Flyer-Projet-pair-aidance-addictions.pdf\" data-type=\"link\" data-id=\"https:\/\/pair-aidance-addictions-bretagne.bzh\/wp-content\/uploads\/2024\/01\/Flyer-BZH3-ge\u0301ne\u0301ral.jpg\" target=\"_blank\" rel=\"noreferrer noopener\">T\u00e9l\u00e9charger<\/a><\/p>\n","protected":false},"excerpt":{"rendered":"<p>Cette action, port\u00e9e par l&rsquo;Association Je ne fume plus ! et soutenue par l&rsquo;Agence R\u00e9gionale de Sant\u00e9 (ARS) Bretagne, se d\u00e9veloppe dans le cadre du [&#8230;]<\/p>\n","protected":false},"author":1,"featured_media":0,"parent":0,"menu_order":0,"comment_status":"closed","ping_status":"closed","template":"","meta":{"footnotes":""},"class_list":["post-1245","page","type-page","status-publish","hentry"],"jetpack_sharing_enabled":true,"_links":{"self":[{"href":"https:\/\/pair-aidance-addictions-bretagne.bzh\/index.php\/wp-json\/wp\/v2\/pages\/1245","targetHints":{"allow":["GET"]}}],"collection":[{"href":"https:\/\/pair-aidance-addictions-bretagne.bzh\/index.php\/wp-json\/wp\/v2\/pages"}],"about":[{"href":"https:\/\/pair-aidance-addictions-bretagne.bzh\/index.php\/wp-json\/wp\/v2\/types\/page"}],"author":[{"embeddable":true,"href":"https:\/\/pair-aidance-addictions-bretagne.bzh\/index.php\/wp-json\/wp\/v2\/users\/1"}],"replies":[{"embeddable":true,"href":"https:\/\/pair-aidance-addictions-bretagne.bzh\/index.php\/wp-json\/wp\/v2\/comments?post=1245"}],"version-history":[{"count":25,"href":"https:\/\/pair-aidance-addictions-bretagne.bzh\/index.php\/wp-json\/wp\/v2\/pages\/1245\/revisions"}],"predecessor-version":[{"id":2134,"href":"https:\/\/pair-aidance-addictions-bretagne.bzh\/index.php\/wp-json\/wp\/v2\/pages\/1245\/revisions\/2134"}],"wp:attachment":[{"href":"https:\/\/pair-aidance-addictions-bretagne.bzh\/index.php\/wp-json\/wp\/v2\/media?parent=1245"}],"curies":[{"name":"wp","href":"https:\/\/api.w.org\/{rel}","templated":true}]}}