{"id":23,"date":"2023-10-17T09:30:05","date_gmt":"2023-10-17T07:30:05","guid":{"rendered":"https:\/\/defume.net\/?page_id=23"},"modified":"2026-04-04T11:53:23","modified_gmt":"2026-04-04T09:53:23","slug":"cartographie-associations-de-patients-addictions-bretagne","status":"publish","type":"page","link":"https:\/\/pair-aidance-addictions-bretagne.bzh\/index.php\/cartographie-associations-de-patients-addictions-bretagne\/","title":{"rendered":"Cartographie des associations de patients addictions en Bretagne"},"content":{"rendered":"\n<p>Que vous soyez patient, proche ou professionnel de la sant\u00e9 ou du social, explorez la carte des associations de patients \u0153uvrant dans le champ des conduites addictives sur toute la r\u00e9gion Bretagne.<\/p>\n\n\n\t\t<div id=\"carto-assos-wrap\">\n\t\t\t<div id=\"carto-assos-header\">\n\t\t\t\t<div class=\"carto-filters\">\n\t\t\t\t\t<button class=\"carto-btn-all active\" id=\"carto-btn-all\" onclick=\"cartoShowAll()\">Tous les d\u00e9partements<\/button>\n\t\t\t\t\t<button class=\"carto-dept-btn\" data-dept=\"22\" onclick=\"cartoFocusDept('22')\">C\u00f4tes-d'Armor (22)<\/button>\n\t\t\t\t\t<button class=\"carto-dept-btn\" data-dept=\"29\" onclick=\"cartoFocusDept('29')\">Finist\u00e8re (29)<\/button>\n\t\t\t\t\t<button class=\"carto-dept-btn\" data-dept=\"35\" onclick=\"cartoFocusDept('35')\">Ille-et-Vilaine (35)<\/button>\n\t\t\t\t\t<button class=\"carto-dept-btn\" data-dept=\"56\" onclick=\"cartoFocusDept('56')\">Morbihan (56)<\/button>\n\t\t\t\t<\/div>\n\t\t\t\t<div class=\"carto-stats\" id=\"carto-stats\">Chargement\u2026<\/div>\n\t\t\t<\/div>\n\n\t\t\t<div id=\"carto-assos-main\">\n\t\t\t\t<div id=\"carto-map\"><\/div>\n\t\t\t\t<div id=\"carto-mode-badge\">Vue d'ensemble \u2013 cliquez sur un d\u00e9partement<\/div>\n\t\t\t\t<button id=\"carto-toggle-sidebar\" title=\"Masquer\/afficher la liste\" onclick=\"cartoToggleSidebar()\">\u25c0<\/button>\n\n\t\t\t\t<div id=\"carto-sidebar\">\n\t\t\t\t\t<div class=\"carto-sidebar-header\">\n\t\t\t\t\t\t<h3 id=\"carto-sidebar-title\">Toutes les associations<\/h3>\n\t\t\t\t\t<\/div>\n\t\t\t\t\t<div class=\"carto-search-box\">\n\t\t\t\t\t\t<input type=\"text\" id=\"carto-search\"\n\t\t\t\t\t\t\tplaceholder=\"Nom, ville\u2026 (Entr\u00e9e = recentrer)\"\n\t\t\t\t\t\t\toninput=\"cartoOnSearchInput(this.value)\"\n\t\t\t\t\t\t\tonkeydown=\"cartoOnSearchKeydown(event)\">\n\t\t\t\t\t<\/div>\n\t\t\t\t\t<div id=\"carto-asso-list\"><\/div>\n\t\t\t\t<\/div>\n\t\t\t<\/div>\n\n\t\t\t<div id=\"carto-loading\">\n\t\t\t\t<div class=\"carto-loading-inner\">\n\t\t\t\t\t<div class=\"carto-loading-title\">Chargement de la carte\u2026<\/div>\n\t\t\t\t\t<div class=\"carto-loading-bar\"><div class=\"carto-loading-fill\"><\/div><\/div>\n\t\t\t\t<\/div>\n\t\t\t<\/div>\n\t\t<\/div>\n\n\t\t<script>\n\t\tvar CARTO_API_URL   = 'https:\/\/pair-aidance-addictions-bretagne.bzh\/index.php\/wp-json\/carto\/v1\/assos';\n\t\tvar CARTO_ASTER_LOGO = 'https:\/\/pair-aidance-addictions-bretagne.bzh\/wp-content\/plugins\/carto-assos-bretagne\/assets\/img\/Logo_ASTER_1_.jpg';\n\t\t<\/script>\n\t\t\n\n\n\n<p>Donn\u00e9es et carte interactive mises \u00e0 jour Avril 2026, avec 156 associations.<\/p>\n\n\n\n<p style=\"font-size:15px\"><em>Pour faire une recherche, cliquez directement sur les boutons cluster, permettant de faire appara\u00eetre l&rsquo;ensemble des associations de patients sur chaque territoire -ou bien &#8211; tapez le nom d&rsquo;une ville ou d&rsquo;une association dans le champ en haut de la liste \u00e0 droite.<\/em><\/p>\n\n\n\n<p style=\"font-size:15px\"><em>Cartographie initialement r\u00e9alis\u00e9e par l&rsquo;Association Je ne fume plus ! dans le cadre du projet \u00ab Asseoir la l\u00e9gitimit\u00e9 de la pair-aidance dans les parcours de soin addictologiques en Bretagne \u00bb financ\u00e9 par le fonds de lutte r\u00e9gional contre les addictions &#8211; ARS Bretagne. <\/em>Pour toute demande de modification, merci de contacter : <a href=\"mailto:contact@jenefumeplus.org\">contact@jenefumeplus.org<\/a><\/p>\n\n\n\n<p><\/p>\n","protected":false},"excerpt":{"rendered":"<p>Que vous soyez patient, proche ou professionnel de la sant\u00e9 ou du social, explorez la carte des associations de patients \u0153uvrant dans le champ des [&#8230;]<\/p>\n","protected":false},"author":5,"featured_media":0,"parent":0,"menu_order":0,"comment_status":"closed","ping_status":"closed","template":"templates\/template-fullwidth.php","meta":{"footnotes":""},"class_list":["post-23","page","type-page","status-publish","hentry"],"jetpack_sharing_enabled":true,"_links":{"self":[{"href":"https:\/\/pair-aidance-addictions-bretagne.bzh\/index.php\/wp-json\/wp\/v2\/pages\/23","targetHints":{"allow":["GET"]}}],"collection":[{"href":"https:\/\/pair-aidance-addictions-bretagne.bzh\/index.php\/wp-json\/wp\/v2\/pages"}],"about":[{"href":"https:\/\/pair-aidance-addictions-bretagne.bzh\/index.php\/wp-json\/wp\/v2\/types\/page"}],"author":[{"embeddable":true,"href":"https:\/\/pair-aidance-addictions-bretagne.bzh\/index.php\/wp-json\/wp\/v2\/users\/5"}],"replies":[{"embeddable":true,"href":"https:\/\/pair-aidance-addictions-bretagne.bzh\/index.php\/wp-json\/wp\/v2\/comments?post=23"}],"version-history":[{"count":399,"href":"https:\/\/pair-aidance-addictions-bretagne.bzh\/index.php\/wp-json\/wp\/v2\/pages\/23\/revisions"}],"predecessor-version":[{"id":2414,"href":"https:\/\/pair-aidance-addictions-bretagne.bzh\/index.php\/wp-json\/wp\/v2\/pages\/23\/revisions\/2414"}],"wp:attachment":[{"href":"https:\/\/pair-aidance-addictions-bretagne.bzh\/index.php\/wp-json\/wp\/v2\/media?parent=23"}],"curies":[{"name":"wp","href":"https:\/\/api.w.org\/{rel}","templated":true}]}}