{"id":3,"date":"2023-10-03T14:47:16","date_gmt":"2023-10-03T12:47:16","guid":{"rendered":"https:\/\/defume.net\/?page_id=3"},"modified":"2024-08-30T17:13:49","modified_gmt":"2024-08-30T15:13:49","slug":"politique-de-confidentialite","status":"publish","type":"page","link":"https:\/\/pair-aidance-addictions-bretagne.bzh\/index.php\/politique-de-confidentialite\/","title":{"rendered":"Mentions l\u00e9gales"},"content":{"rendered":"\n<h2 class=\"wp-block-heading\">Informations<\/h2>\n\n\n\n<p>Le site pair-aidance-addictions-bretagne est \u00e9dit\u00e9 par L&rsquo;association Je ne fume plus ! \u00a0(<a href=\"https:\/\/jenefumeplus.org\" target=\"_blank\" rel=\"noreferrer noopener\">https:\/\/jenefumeplus.org<\/a>). Cr\u00e9ation au journal officiel du 29 novembre 2017<br>Adresse : 1 rue Edmond Besson 56140 Malestroit<br>Mail : contact@jenefumeplus.org<\/p>\n\n\n\n<h2 class=\"wp-block-heading\">Conditions d&rsquo;utilisation<\/h2>\n\n\n\n<p>La reproduction ou la repr\u00e9sentation des contenus publi\u00e9s sur pair-aidance-addictions-bretagne doit s\u2019effectuer dans le respect du code de la propri\u00e9t\u00e9 intellectuelle, notamment des r\u00e8gles protectrices des droits d\u2019auteur. Toute r\u00e9utilisation autoris\u00e9e doit porter la mention explicite du nom de l\u2019auteur et\/ou de la source dont le document est tir\u00e9. Cela concerne notamment les textes et images issus de sources ext\u00e9rieures, qui restent la propri\u00e9t\u00e9 intellectuelle de leurs producteurs.<\/p>\n\n\n\n<p>Les informations disponibles sur ce site web sont non contractuelles et sujettes \u00e0 modification sans pr\u00e9avis. Les caract\u00e9ristiques et la disponibilit\u00e9 des services mentionn\u00e9s dans ce service web sont valables pour le pays suivant : France. Les informations accessibles sur le site ne peuvent en aucun cas \u00eatre consid\u00e9r\u00e9es comme une consultation, et les tests et autres ressources sont \u00e0 utiliser sous la seule et enti\u00e8re responsabilit\u00e9 et contr\u00f4le de l\u2019internaute.<\/p>\n\n\n\n<p>L&rsquo;association Je ne fume plus ! ne pourra en aucun cas \u00eatre tenue pour responsable de dommages de quelque nature que ce soit li\u00e9s \u00e0 la consultation ou \u00e0 l\u2019utilisation du site web par l\u2019utilisateur. Des liens hypertextes peuvent renvoyer vers des sites tiers sur lesquels l&rsquo;association Je ne fume plus ! n\u2019exerce aucun contr\u00f4le. L&rsquo;association Je ne fume plus ! d\u00e9gage toute responsabilit\u00e9 quant au contenu de ces sites.<\/p>\n\n\n\n<h2 class=\"wp-block-heading\"><strong>Politique de confidentialit\u00e9<\/strong><\/h2>\n\n\n\n<p>Les formulaires pr\u00e9sents sur notre site, notamment le formulaire de contact et celui de mise en relation avec un pair-aidant, peuvent n\u00e9cessiter la fourniture de certaines donn\u00e9es personnelles telles que votre adresse e-mail. Ces informations sont utilis\u00e9es uniquement pour r\u00e9pondre \u00e0 votre demande ou faciliter la mise en relation, et ne sont en aucun cas stock\u00e9es ou conserv\u00e9es apr\u00e8s leur utilisation initiale. Nous ne collectons, ne sauvegardons, ni n\u2019utilisons ces donn\u00e9es pour d\u2019autres finalit\u00e9s que celles express\u00e9ment indiqu\u00e9es lors de leur collecte.<\/p>\n\n\n\n<p>En soumettant un formulaire sur notre site, vous consentez \u00e0 l\u2019utilisation de vos informations personnelles uniquement dans le cadre d\u00e9crit ci-dessus.<\/p>\n\n\n\n<h2 class=\"wp-block-heading\">Utilisation des cookies<\/h2>\n\n\n\n<p>Ce site utilise des cookies pour assurer son bon fonctionnement. Vous avez la possibilit\u00e9 d\u2019accepter ou de refuser les cookies. Aucune donn\u00e9e personnelle n\u2019est collect\u00e9e \u00e0 votre insu.<\/p>\n\n\n\n<h2 class=\"wp-block-heading\">H\u00e9bergement<\/h2>\n\n\n\n<p>Le site pair-aidance-addictions-bretagne est herberg\u00e9 aupr\u00e8s de la soci\u00e9t\u00e9 Infomaniak Network SA<br>Si\u00e8ge social : Rue Eug\u00e8ne-Marziano 25 &#8211; 1227 Les Acacias, Gen\u00e8ve &#8211; Suisse<\/p>\n\n\n\n<h2 class=\"wp-block-heading\"><strong>Mise \u00e0 jour des informations<\/strong><\/h2>\n\n\n\n<p><br>Nous nous r\u00e9servons le droit de mettre \u00e0 jour ou de modifier les informations pr\u00e9sentes sur ce site \u00e0 tout moment et sans pr\u00e9avis. Il est de la responsabilit\u00e9 de l\u2019utilisateur de v\u00e9rifier r\u00e9guli\u00e8rement les mentions l\u00e9gales et les autres sections du site pour se tenir inform\u00e9 des \u00e9ventuelles modifications. En continuant \u00e0 utiliser le site apr\u00e8s une mise \u00e0 jour, vous acceptez les termes modifi\u00e9s.<\/p>\n","protected":false},"excerpt":{"rendered":"<p>Informations Le site pair-aidance-addictions-bretagne est \u00e9dit\u00e9 par L&rsquo;association Je ne fume plus ! \u00a0(https:\/\/jenefumeplus.org). Cr\u00e9ation au journal officiel du 29 novembre 2017Adresse : 1 rue [&#8230;]<\/p>\n","protected":false},"author":1,"featured_media":0,"parent":0,"menu_order":0,"comment_status":"closed","ping_status":"closed","template":"","meta":{"footnotes":""},"class_list":["post-3","page","type-page","status-publish","hentry"],"jetpack_sharing_enabled":true,"_links":{"self":[{"href":"https:\/\/pair-aidance-addictions-bretagne.bzh\/index.php\/wp-json\/wp\/v2\/pages\/3","targetHints":{"allow":["GET"]}}],"collection":[{"href":"https:\/\/pair-aidance-addictions-bretagne.bzh\/index.php\/wp-json\/wp\/v2\/pages"}],"about":[{"href":"https:\/\/pair-aidance-addictions-bretagne.bzh\/index.php\/wp-json\/wp\/v2\/types\/page"}],"author":[{"embeddable":true,"href":"https:\/\/pair-aidance-addictions-bretagne.bzh\/index.php\/wp-json\/wp\/v2\/users\/1"}],"replies":[{"embeddable":true,"href":"https:\/\/pair-aidance-addictions-bretagne.bzh\/index.php\/wp-json\/wp\/v2\/comments?post=3"}],"version-history":[{"count":4,"href":"https:\/\/pair-aidance-addictions-bretagne.bzh\/index.php\/wp-json\/wp\/v2\/pages\/3\/revisions"}],"predecessor-version":[{"id":1544,"href":"https:\/\/pair-aidance-addictions-bretagne.bzh\/index.php\/wp-json\/wp\/v2\/pages\/3\/revisions\/1544"}],"wp:attachment":[{"href":"https:\/\/pair-aidance-addictions-bretagne.bzh\/index.php\/wp-json\/wp\/v2\/media?parent=3"}],"curies":[{"name":"wp","href":"https:\/\/api.w.org\/{rel}","templated":true}]}}